{"id":85,"date":"2026-03-27T21:03:35","date_gmt":"2026-03-27T19:03:35","guid":{"rendered":"https:\/\/randomemds.com\/?page_id=85"},"modified":"2026-03-27T21:03:35","modified_gmt":"2026-03-27T19:03:35","slug":"apie-mus","status":"publish","type":"page","link":"https:\/\/randomemds.com\/apie-mus\/","title":{"rendered":"Apie mus"},"content":{"rendered":"\n<h2 class=\"wp-block-heading\">M\u016bs\u0173 misija<\/h2>\n\n\n\n<p>Skelbti aktual\u0173, verting\u0105 ir patikim\u0105 edukacin\u012f turin\u012f lietuvi\u0173 kalba apie kazino internete. Siekiame b\u016bti profesionaliu gidu, padedan\u010diu saugiau ir i\u0161maniau naudotis internetiniais kazino, i\u0161sirinkti geriausias kazino bendroves ir u\u017esitarnauti skaitytoj\u0173 pasitik\u0117jim\u0105.<\/p>\n\n\n\n<h2 class=\"wp-block-heading\">Kod\u0117l galite mumis pasitik\u0117ti?<\/h2>\n\n\n\n<h3 class=\"wp-block-heading\">Ilgamet\u0117 patirtis rinkoje<\/h3>\n\n\n\n<p>Internetini\u0173 kazino rinkoje dirbame nuosekliai jau daugel\u012f met\u0173 ir per t\u0105 laik\u0105 sukaup\u0117me vertingos patirties, kuria dalijam\u0117s su savo skaitytojais. Sekame \u0161iuolaikines kazino tendencijas ir nuolat tobul\u0117jame, domim\u0117s rinkos naujov\u0117mis, nauj\u0173 kazino pristatymais, mokymais ir industrijos poky\u010diais.<\/p>\n\n\n\n<h3 class=\"wp-block-heading\">Duomenimis paremta analiz\u0117<\/h3>\n\n\n\n<p>Vertindami internetinius kazino surenkame daug duomen\u0173 apie saugum\u0105, \u017eaidim\u0173 pasirinkim\u0105, mok\u0117jimus, bonusus ir kitus vartotojui svarbius aspektus. \u0160iuos duomenis atid\u017eiai analizuojame ir skaitytojams pateikiame faktais gr\u012fstas i\u0161vadas bei reitingus i\u0161 skirting\u0173 perspektyv\u0173.<\/p>\n\n\n\n<h3 class=\"wp-block-heading\">Skaidri vertinimo metodologija<\/h3>\n\n\n\n<p>Vertindami kazino internete vadovaujam\u0117s i\u0161samia ir skaidria metodologija. Daugiausia d\u0117mesio skiriame internetini\u0173 kazino saugumui, licencijoms, \u017eaidim\u0173 pasi\u016blai, premijoms ir klient\u0173 aptarnavimui. Toks po\u017ei\u016bris leid\u017eia mums i\u0161laikyti vertinim\u0105 nuosekl\u0173, ai\u0161k\u0173 ir nauding\u0105 skaitytojui.<\/p>\n\n\n\n<h3 class=\"wp-block-heading\">Tvirta partneryst\u0117 su lyderiais<\/h3>\n\n\n\n<p>Bendradarbiaujame su \u017einomomis kazino bendrov\u0117mis Lietuvoje ir pasaulyje. Tokie ry\u0161iai padeda mums geriau suprasti rink\u0105, grei\u010diau pasteb\u0117ti poky\u010dius ir pateikti aktualesn\u0119 informacij\u0105, ta\u010diau redakciniai sprendimai i\u0161lieka nepriklausomi.<\/p>\n\n\n\n<h2 class=\"wp-block-heading\">M\u016bs\u0173 vertyb\u0117s<\/h2>\n\n\n\n<p>Siekiame, kad m\u016bs\u0173 turinys b\u016bt\u0173 patikimas ir kokybi\u0161kas, tod\u0117l visk\u0105, kas susij\u0119 su kazino internete rinka, analizuojame per asmenin\u0119 patirt\u012f ir remdamiesi skaidria vertinimo metodologija. Jau\u010diame atsakomyb\u0119 prie\u0161 savo skaitytojus, skatiname atsaking\u0105 lo\u0161im\u0105 ir tikime, kad tik saugus \u017eaidimas kazino internete gali b\u016bti kontroliuojama ir apgalvota pramoga.<\/p>\n\n\n\n<h3 class=\"wp-block-heading\">Patikimumas<\/h3>\n\n\n\n<p>Mums svarbu, kad skaitytojas gal\u0117t\u0173 pasitik\u0117ti tuo, k\u0105 skaito. Tod\u0117l reguliariai per\u017ei\u016brime informacij\u0105, tikriname faktus ir atnaujiname turin\u012f, kai rinka kei\u010diasi.<\/p>\n\n\n\n<h3 class=\"wp-block-heading\">Kokyb\u0117<\/h3>\n\n\n\n<p>Siekiame, kad kiekviena ap\u017evalga, gidas ar reitingas b\u016bt\u0173 ai\u0161kiai para\u0161ytas, lengvai suprantamas ir i\u0161 tikr\u0173j\u0173 naudingas. Kokyb\u0117 mums rei\u0161kia ir turinio tikslum\u0105, ir jo praktin\u0119 vert\u0119.<\/p>\n\n\n\n<h3 class=\"wp-block-heading\">Skaidrumas<\/h3>\n\n\n\n<p>Ai\u0161kiai parodome, kokiais kriterijais remiam\u0117s vertindami kazino ir kuo grind\u017eiame savo i\u0161vadas. Skaitytojas turi matyti ne tik rekomendacij\u0105, bet ir jos pagrind\u0105.<\/p>\n\n\n\n<h3 class=\"wp-block-heading\">Atsakomyb\u0117<\/h3>\n\n\n\n<p>Internetini\u0173 lo\u0161im\u0173 tema reikalauja atsakingo po\u017ei\u016brio. Tod\u0117l nuolat pabr\u0117\u017eiame saugaus lo\u0161imo svarb\u0105, finansin\u0117s drausm\u0117s principus ir b\u016btinyb\u0119 naudotis tokiomis platformomis apgalvotai.<\/p>\n\n\n\n<h2 class=\"wp-block-heading\">M\u016bs\u0173 patirtis ir \u017einios<\/h2>\n\n\n\n<h3 class=\"wp-block-heading\">70+<\/h3>\n\n\n\n<p>Video ap\u017evalg\u0173<\/p>\n\n\n\n<p>Suk\u016br\u0117me daugiau nei 70 \u012fvairi\u0173 video ap\u017evalg\u0173 apie geriausius lietuvi\u0161kus ir u\u017esienio kazino.<\/p>\n\n\n\n<h3 class=\"wp-block-heading\">500+<\/h3>\n\n\n\n<p>\u017daidim\u0173 automat\u0173 ap\u017evalg\u0173<\/p>\n\n\n\n<p>I\u0161band\u0117me ir ap\u017evelg\u0117me daugiau nei 500 lo\u0161imo automat\u0173 ir atrinkome pa\u010dius \u012fdomiausius bei aktualiausius skaitytojams.<\/p>\n\n\n\n<h3 class=\"wp-block-heading\">200+<\/h3>\n\n\n\n<p>Kazino naujien\u0173<\/p>\n\n\n\n<p>Kasdien sekame internetini\u0173 kazino rinkos naujienas Lietuvoje ir pasaulyje ir pristatome jas savo skaitytojams.<\/p>\n\n\n\n<h3 class=\"wp-block-heading\">10+<\/h3>\n\n\n\n<p>Met\u0173 patirties<\/p>\n\n\n\n<p>Ilgus metus dirbame internetini\u0173 kazino rinkoje ir nuolat ple\u010diame savo \u017einias apie \u0161i\u0105 srit\u012f.<\/p>\n\n\n\n<h2 class=\"wp-block-heading\">M\u016bs\u0173 ekspertai<\/h2>\n\n\n\n<p>M\u016bs\u0173 ekspert\u0173 komand\u0105 sudaro kazino entuziastai, lo\u0161imo automat\u0173 specialistai, kazino \u017eaidim\u0173 profesionalai ir m\u0117g\u0117jai. Siekdami u\u017etikrinti patraukl\u0173 vizualin\u012f vaizd\u0105, patogum\u0105 vartotojui ir lengvai skaitom\u0105 turin\u012f, prie \u0161io skyriaus dirba ir patyr\u0119 marketingo specialistai, IT komanda bei tekst\u0173 k\u016br\u0117jai.<\/p>\n\n\n\n<ul class=\"wp-block-list\">\n<li>Martynas Norvilas \u2013 kazino ir lo\u0161im\u0173 specialistas<\/li>\n\n\n\n<li>DiceGirl \u2013 lo\u0161imo automat\u0173 ekspert\u0117<\/li>\n\n\n\n<li>Vasylyna Hudyk \u2013 lo\u0161imo automat\u0173 ekspert\u0117<\/li>\n\n\n\n<li>Jaan Girdeinis \u2013 sporto analitikas<\/li>\n\n\n\n<li>Clinton Jacob Machoka \u2013 iGaming turinio ra\u0161ytojas<\/li>\n<\/ul>\n\n\n\n<h2 class=\"wp-block-heading\">Parodos, mokymai ir smagus laikas kartu!<\/h2>\n\n\n\n<p>Premium Times komanda nuolat domisi rinkos naujov\u0117mis, stebi industrijos renginius, mokymus ir profesines diskusijas. Manome, kad stiprus turinys atsiranda tada, kai komanda ne tik ra\u0161o, bet ir nuolat mokosi, testuoja bei gilina savo supratim\u0105 apie rink\u0105.<\/p>\n\n\n\n<p>Taip pat kvie\u010diame skaitytojus prisijungti prie m\u016bs\u0173 bendruomen\u0117s ir sekti naujausi\u0105 turin\u012f, ap\u017evalgas bei rinkos \u012f\u017evalgas.<\/p>\n","protected":false},"excerpt":{"rendered":"<p>M\u016bs\u0173 misija Skelbti aktual\u0173, verting\u0105 ir patikim\u0105 edukacin\u012f turin\u012f lietuvi\u0173 kalba apie kazino internete. Siekiame b\u016bti profesionaliu gidu, padedan\u010diu saugiau ir i\u0161maniau naudotis internetiniais kazino, i\u0161sirinkti geriausias kazino bendroves ir u\u017esitarnauti skaitytoj\u0173 pasitik\u0117jim\u0105. Kod\u0117l galite mumis pasitik\u0117ti? Ilgamet\u0117 patirtis rinkoje Internetini\u0173 kazino rinkoje dirbame nuosekliai jau daugel\u012f met\u0173 ir per t\u0105 laik\u0105 sukaup\u0117me vertingos patirties, [&hellip;]<\/p>\n","protected":false},"author":1,"featured_media":0,"parent":0,"menu_order":0,"comment_status":"closed","ping_status":"closed","template":"page-templates\/template-casino.php","meta":{"footnotes":""},"class_list":["post-85","page","type-page","status-publish","hentry"],"_links":{"self":[{"href":"https:\/\/randomemds.com\/wp-json\/wp\/v2\/pages\/85","targetHints":{"allow":["GET"]}}],"collection":[{"href":"https:\/\/randomemds.com\/wp-json\/wp\/v2\/pages"}],"about":[{"href":"https:\/\/randomemds.com\/wp-json\/wp\/v2\/types\/page"}],"author":[{"embeddable":true,"href":"https:\/\/randomemds.com\/wp-json\/wp\/v2\/users\/1"}],"replies":[{"embeddable":true,"href":"https:\/\/randomemds.com\/wp-json\/wp\/v2\/comments?post=85"}],"version-history":[{"count":1,"href":"https:\/\/randomemds.com\/wp-json\/wp\/v2\/pages\/85\/revisions"}],"predecessor-version":[{"id":86,"href":"https:\/\/randomemds.com\/wp-json\/wp\/v2\/pages\/85\/revisions\/86"}],"wp:attachment":[{"href":"https:\/\/randomemds.com\/wp-json\/wp\/v2\/media?parent=85"}],"curies":[{"name":"wp","href":"https:\/\/api.w.org\/{rel}","templated":true}]}}